{"id":32,"date":"2010-01-30T01:22:30","date_gmt":"2010-01-30T00:22:30","guid":{"rendered":"https:\/\/www.tsc.uc3m.es\/~hmolina\/alumnos\/?page_id=32"},"modified":"2025-06-03T11:29:11","modified_gmt":"2025-06-03T10:29:11","slug":"introduccion","status":"publish","type":"page","link":"https:\/\/www.tsc.uc3m.es\/~hmolina\/","title":{"rendered":"Resumen"},"content":{"rendered":"<p>&nbsp;<\/p>\r\n<table>\r\n<tbody>\r\n<tr>\r\n<td valign=\"top\" width=\"40%\"><img decoding=\"async\" src=\"\/~hmolina\/wp-content\/uploads\/2010\/01\/hmolina.jpg\" alt=\"Fotograf\u00eda Personal\" width=\"80%\" \/><\/td>\r\n<td>\r\n<h3>Harold Molina-Bulla<\/h3>\r\n<p>Doctor Ingeniero en Telecomunicaciones<br \/>Profesor Permanente Laboral (<a href=\"http:\/\/www.uc3m.es\/\">Universidad Carlos III de Madrid<\/a> (Madrid, Espa\u00f1a))<\/p>\r\n<address>h.molina at tsc.uc3m.es<\/address>\r\n<p>Ingeniero Electr\u00f3nico (<a href=\"http:\/\/www.javeriana.edu.co\/\">Pontificia Universidad Javeriana<\/a> (Santaf\u00e9 de Bogot\u00e1, Colombia))<\/p>\r\n<table>\r\n<tbody>\r\n<tr>\r\n<td align=\"left\">Direcci\u00f3n:<br \/><a href=\"http:\/\/www.uc3m.es\/\">Universidad Carlos III de Madrid<\/a> (Madrid, Espa\u00f1a)<br \/>Edificio Torres Quevedo<br \/>Despacho 4.2.C.04<br \/>Tel\u00e9fono: +34.916248739<br \/>Fax: +34.916248949<\/td>\r\n<td><img decoding=\"async\" src=\"\/~hmolina\/wp-content\/uploads\/personal\/qr-vcard.png\" alt=\"\" width=\"200\" \/><\/td>\r\n<\/tr>\r\n<\/tbody>\r\n<\/table>\r\n<p><a href=\"\/~hmolina\/?page_id=234\">Llaves PGP<\/a><\/p>\r\n<\/td>\r\n<\/tr>\r\n<\/tbody>\r\n<\/table>\r\n<h2>\u00c1REAS DE INTERES CIENT\u00cdFICO<\/h2>\r\n<ul>\r\n<li>Computaci\u00f3n de Alto Rendimiento<\/li>\r\n<li>Programaci\u00f3n Paralela y Distribuida<\/li>\r\n<li>Algoritmos Gen\u00e9ticos<\/li>\r\n<li>Teor\u00eda de Juegos<\/li>\r\n<li>Agentes Inteligentes<\/li>\r\n<li>Miner\u00eda de Datos<\/li>\r\n<\/ul>\r\n<h2><a title=\"Docencia\" href=\"\/~hmolina\/?page_id=5\" target=\"_self\">EXPERIENCIA DOCENTE<\/a><\/h2>\r\n<ul>\r\n<li>Tutor de diversas asignaturas en la carrera de Ingenier\u00eda Electr\u00f3nica: 1990-1993<\/li>\r\n<li>Profesor de planta en el Departamento de Ingenier\u00eda de Sistemas, Facultad de Ingenier\u00eda, Pontificia Universidad Javeriana: 1994<\/li>\r\n<li>Profesor de planta en el Departamento de Ingenier\u00eda Electr\u00f3nica, Facultad de Ingenier\u00eda, Pontificia Univerisdad Javeriana: 1995<\/li>\r\n<li>Profesor Visitante en el Departamento de Teoria de la Se\u00f1al y Comunicaciones, Universidad Carlos III de Madrid: 2002-actualidad<\/li>\r\n<\/ul>\r\n","protected":false},"excerpt":{"rendered":"<p>&nbsp; Harold Molina-Bulla Doctor Ingeniero en TelecomunicacionesProfesor Permanente Laboral (Universidad Carlos III de Madrid (Madrid, Espa\u00f1a)) h.molina at tsc.uc3m.es Ingeniero Electr\u00f3nico (Pontificia Universidad Javeriana (Santaf\u00e9 [&hellip;]<\/p>\n","protected":false},"author":2,"featured_media":0,"parent":0,"menu_order":1,"comment_status":"closed","ping_status":"closed","template":"","meta":{"footnotes":""},"class_list":["post-32","page","type-page","status-publish","hentry"],"_links":{"self":[{"href":"https:\/\/www.tsc.uc3m.es\/~hmolina\/wp-json\/wp\/v2\/pages\/32","targetHints":{"allow":["GET"]}}],"collection":[{"href":"https:\/\/www.tsc.uc3m.es\/~hmolina\/wp-json\/wp\/v2\/pages"}],"about":[{"href":"https:\/\/www.tsc.uc3m.es\/~hmolina\/wp-json\/wp\/v2\/types\/page"}],"author":[{"embeddable":true,"href":"https:\/\/www.tsc.uc3m.es\/~hmolina\/wp-json\/wp\/v2\/users\/2"}],"replies":[{"embeddable":true,"href":"https:\/\/www.tsc.uc3m.es\/~hmolina\/wp-json\/wp\/v2\/comments?post=32"}],"version-history":[{"count":59,"href":"https:\/\/www.tsc.uc3m.es\/~hmolina\/wp-json\/wp\/v2\/pages\/32\/revisions"}],"predecessor-version":[{"id":469,"href":"https:\/\/www.tsc.uc3m.es\/~hmolina\/wp-json\/wp\/v2\/pages\/32\/revisions\/469"}],"wp:attachment":[{"href":"https:\/\/www.tsc.uc3m.es\/~hmolina\/wp-json\/wp\/v2\/media?parent=32"}],"curies":[{"name":"wp","href":"https:\/\/api.w.org\/{rel}","templated":true}]}}