{"id":5,"date":"2010-01-29T19:37:00","date_gmt":"2010-01-29T18:37:00","guid":{"rendered":"https:\/\/www.tsc.uc3m.es\/~hmolina\/alumnos\/?page_id=5"},"modified":"2025-06-26T08:40:21","modified_gmt":"2025-06-26T07:40:21","slug":"docencia","status":"publish","type":"page","link":"https:\/\/www.tsc.uc3m.es\/~hmolina\/docencia\/","title":{"rendered":"Docencia"},"content":{"rendered":"<p><!--:es--><\/p>\n<h2>Docencia 2012<\/h2>\n<p>La siguiente es la informaci\u00f3n docente para el curso 2012\/2013<\/p>\n<h3>Curso 2012\/2013 primer cuatrimestre<\/h3>\n<p><strong>Ingenier\u00eda de Telecomunicaci\u00f3n<\/strong><\/p>\n<ul>\n<li><a href=\"\/~hmolina\/es\/docencia\/electronica-de-comunicaciones\" target=\"_self\" rel=\"noopener\">Electr\u00f3nica de Comunicaciones<\/a><\/li>\n<\/ul>\n<h3>Curso 2012\/2013 segundo cuatrimestre<\/h3>\n<p><strong>Ingenier\u00eda de Telecomunicaci\u00f3n<\/strong><\/p>\n<ul>\n<li><a href=\"\/~hmolina\/es\/docencia\/laboratorio-de-electronica-de-comunicaciones\" target=\"_self\" rel=\"noopener\">Laboratorio de Electr\u00f3nica de Comunicaciones<\/a>[<a href=\"\/~hmolina\/en\/laboratorio-de-electronica-de-comunicaciones\" target=\"_self\" rel=\"noopener\">English<\/a>]<\/li>\n<\/ul>\n<p><strong><!--:--><!--:en--><\/strong><\/p>\n<h2>Teaching 2012<\/h2>\n<p>Course 2012\/2013 Teaching<\/p>\n<h3>Course 2012\/2013 First Term<\/h3>\n<p><strong>Telecommunications Engineering<\/strong><\/p>\n<ul>\n<li><a href=\"\/~hmolina\/en\/docencia\/electronica-de-comunicaciones\" target=\"_self\" rel=\"noopener\">Electronic of Communications<\/a> (Spanish group)<\/li>\n<\/ul>\n<h3>Course 2012\/2013 Second Term<\/h3>\n<p><strong>Telecommunications Engineering<\/strong><\/p>\n<ul>\n<li><a href=\"\/~hmolina\/?page_id=81\" target=\"_self\" rel=\"noopener\">Electronic of Communications Laboratory<\/a>[<a href=\"\/~hmolina\/?page_id=8\" target=\"_self\" rel=\"noopener\">Spanish<\/a>]<\/li>\n<\/ul>\n<p><strong><!--:--><!--more--><!--:es-->Grado en Sistemas de Telecomunicaci\u00f3n<\/strong><\/p>\n<ul>\n<li>Equipos de Comunicaciones<\/li>\n<\/ul>\n<h3>Titulaciones en Extinci\u00f3n<\/h3>\n<p><strong>Ingenier\u00eda de T\u00e9cnica de Telecomunicaci\u00f3n, Especialidad Sistemas de Telecomunicaci\u00f3n<\/strong><\/p>\n<ul>\n<li><a href=\"\/~hmolina\/?page_id=12\" target=\"_self\" rel=\"noopener\">Laboratorio de Se\u00f1ales y Comunicaciones<\/a><\/li>\n<li><a href=\"\/~hmolina\/?page_id=73\" target=\"_self\" rel=\"noopener\">Equipos de Comunicaciones<\/a><\/li>\n<\/ul>\n<p><strong>Ingenier\u00eda de Telecomunicaci\u00f3n<\/strong><\/p>\n<ul>\n<li><a href=\"\/~hmolina\/?page_id=10\" target=\"_self\" rel=\"noopener\">Laboratorio de Se\u00f1ales y Comunicaciones<\/a><\/li>\n<\/ul>\n<p><!--:--><!--:en-->Telecommunications Systems Grade<\/p>\n<ul>\n<li>Communications Equipments<\/li>\n<\/ul>\n<p><!--:--><\/p>\n","protected":false},"excerpt":{"rendered":"<p>Docencia 2012 La siguiente es la informaci\u00f3n docente para el curso 2012\/2013 Curso 2012\/2013 primer cuatrimestre Ingenier\u00eda de Telecomunicaci\u00f3n Electr\u00f3nica de Comunicaciones Curso 2012\/2013 segundo [&hellip;]<\/p>\n","protected":false},"author":1,"featured_media":0,"parent":0,"menu_order":2,"comment_status":"closed","ping_status":"closed","template":"","meta":{"footnotes":""},"class_list":["post-5","page","type-page","status-publish","hentry"],"_links":{"self":[{"href":"https:\/\/www.tsc.uc3m.es\/~hmolina\/wp-json\/wp\/v2\/pages\/5","targetHints":{"allow":["GET"]}}],"collection":[{"href":"https:\/\/www.tsc.uc3m.es\/~hmolina\/wp-json\/wp\/v2\/pages"}],"about":[{"href":"https:\/\/www.tsc.uc3m.es\/~hmolina\/wp-json\/wp\/v2\/types\/page"}],"author":[{"embeddable":true,"href":"https:\/\/www.tsc.uc3m.es\/~hmolina\/wp-json\/wp\/v2\/users\/1"}],"replies":[{"embeddable":true,"href":"https:\/\/www.tsc.uc3m.es\/~hmolina\/wp-json\/wp\/v2\/comments?post=5"}],"version-history":[{"count":36,"href":"https:\/\/www.tsc.uc3m.es\/~hmolina\/wp-json\/wp\/v2\/pages\/5\/revisions"}],"predecessor-version":[{"id":498,"href":"https:\/\/www.tsc.uc3m.es\/~hmolina\/wp-json\/wp\/v2\/pages\/5\/revisions\/498"}],"wp:attachment":[{"href":"https:\/\/www.tsc.uc3m.es\/~hmolina\/wp-json\/wp\/v2\/media?parent=5"}],"curies":[{"name":"wp","href":"https:\/\/api.w.org\/{rel}","templated":true}]}}