{"id":60,"date":"2010-01-30T21:06:55","date_gmt":"2010-01-30T20:06:55","guid":{"rendered":"http:\/\/www.tsc.uc3m.es\/~hmolina\/?page_id=60"},"modified":"2013-08-25T17:19:13","modified_gmt":"2013-08-25T16:19:13","slug":"gestion-de-la-informacion","status":"publish","type":"page","link":"https:\/\/www.tsc.uc3m.es\/~hmolina\/docencia\/gestion-de-la-informacion\/","title":{"rendered":"Gestion de la Informaci\u00f3n"},"content":{"rendered":"<p>La p\u00e1gina web de la pr\u00e1ctica de la asignatura es:<\/p>\n<p><a href=\"https:\/\/avestruz.tsc.uc3m.es\/twiki\/bin\/view\" target=\"_blank\">https:\/\/avestruz.tsc.uc3m.es\/twiki\/bin\/view<\/a><\/p>\n<p>Esta p\u00e1gina web es de acceso restringido a los alumnos matriculados en esta asignatura, previa aprobaci\u00f3n de los profesores.<\/p>\n","protected":false},"excerpt":{"rendered":"<p>La p\u00e1gina web de la pr\u00e1ctica de la asignatura es: https:\/\/avestruz.tsc.uc3m.es\/twiki\/bin\/view Esta p\u00e1gina web es de acceso restringido a los alumnos matriculados en esta asignatura, [&hellip;]<\/p>\n","protected":false},"author":2,"featured_media":0,"parent":5,"menu_order":0,"comment_status":"closed","ping_status":"closed","template":"","meta":{"footnotes":""},"class_list":["post-60","page","type-page","status-publish","hentry"],"_links":{"self":[{"href":"https:\/\/www.tsc.uc3m.es\/~hmolina\/wp-json\/wp\/v2\/pages\/60","targetHints":{"allow":["GET"]}}],"collection":[{"href":"https:\/\/www.tsc.uc3m.es\/~hmolina\/wp-json\/wp\/v2\/pages"}],"about":[{"href":"https:\/\/www.tsc.uc3m.es\/~hmolina\/wp-json\/wp\/v2\/types\/page"}],"author":[{"embeddable":true,"href":"https:\/\/www.tsc.uc3m.es\/~hmolina\/wp-json\/wp\/v2\/users\/2"}],"replies":[{"embeddable":true,"href":"https:\/\/www.tsc.uc3m.es\/~hmolina\/wp-json\/wp\/v2\/comments?post=60"}],"version-history":[{"count":5,"href":"https:\/\/www.tsc.uc3m.es\/~hmolina\/wp-json\/wp\/v2\/pages\/60\/revisions"}],"predecessor-version":[{"id":385,"href":"https:\/\/www.tsc.uc3m.es\/~hmolina\/wp-json\/wp\/v2\/pages\/60\/revisions\/385"}],"up":[{"embeddable":true,"href":"https:\/\/www.tsc.uc3m.es\/~hmolina\/wp-json\/wp\/v2\/pages\/5"}],"wp:attachment":[{"href":"https:\/\/www.tsc.uc3m.es\/~hmolina\/wp-json\/wp\/v2\/media?parent=60"}],"curies":[{"name":"wp","href":"https:\/\/api.w.org\/{rel}","templated":true}]}}