{"id":72,"date":"2010-01-30T21:51:48","date_gmt":"2010-01-30T20:51:48","guid":{"rendered":"http:\/\/www.tsc.uc3m.es\/~hmolina\/?page_id=72"},"modified":"2013-08-25T17:18:50","modified_gmt":"2013-08-25T16:18:50","slug":"electronica-de-comunicaciones","status":"publish","type":"page","link":"https:\/\/www.tsc.uc3m.es\/~hmolina\/docencia\/electronica-de-comunicaciones\/","title":{"rendered":"Electr\u00f3nica de Comunicaciones"},"content":{"rendered":"<p><H2><a name=\"#1\">PROGRAMA<\/a><\/H2><br \/>\n<H3>Tema 0: Presentaci\u00f3n<\/H3><br \/>\n<H3>Tema 1: Arquitectura de Emisores y Receptores (<a href=\"\/~hmolina\/wp-content\/uploads\/2010\/09\/Imagenes_Tema1.pdf\">Transparencias<\/a>)<\/H3><\/p>\n<ul>\n<li>Tipos de Transmisores y Receptores<\/li>\n<li>Transmisores homodinos o de modulaci\u00f3n directa<\/li>\n<li>Transmisores heterodinos<\/li>\n<li>Receptores homodinos o de conversi\u00f3n directa<\/li>\n<li>Receptores heterodinos y superheterodinos<\/li>\n<li>Especificaciones de Transmisores y Receptores<\/li>\n<li>Par\u00e1metros caracter\u00edsticos de un Transmisor<\/li>\n<li>Frecuencia, canal y banda de transmisi\u00f3n<\/li>\n<li>Potencia de emisi\u00f3n<\/li>\n<li>Rendimiento<\/li>\n<li>Se\u00f1al Banda Base<\/li>\n<li>Tipo y Profundidad de Modulaci\u00f3n<\/li>\n<li>Banda Necesaria y Banda Ocupada<\/li>\n<li>M\u00e1scaras de Espurios<\/li>\n<li>Estabilidad<\/li>\n<li>Fidelidad<\/li>\n<li>Par\u00e1metros caracter\u00edsticos de un Receptor<\/li>\n<li>Sensibilidad<\/li>\n<li>Selectividad<\/li>\n<li>Fidelidad<\/li>\n<li>Planificaci\u00f3n de Transmisores y Receptores<\/li>\n<li>C\u00e1lculo de ruido<\/li>\n<li>Ancho de Banda Equivalente<\/li>\n<li>Modelado no lineal<\/li>\n<li>Margen din\u00e1mico<\/li>\n<li>CAG<\/li>\n<li>Planificaci\u00f3n en Frecuencia<\/li>\n<li>Selecci\u00f3n de frecuencia intermedia<\/li>\n<li>Frecuencia imagen<\/li>\n<li>Otras frecuencias espurias<\/li>\n<\/ul>\n<p><H3>Tema 2: Filtrado RF (<a href=\"\/~hmolina\/wp-content\/uploads\/2010\/09\/Imagenes_Tema2.pdf\">Transparencias<\/a>)<\/H3><\/p>\n<ul>\n<li>Principios de Funcionamiento<\/li>\n<li>Caracterizaci\u00f3n de Filtros<\/li>\n<ul>\n<li>Ancho de Banda, rizado, retardos de grupo, retardos de fase,\u2026<\/li>\n<\/ul>\n<li>Introducci\u00f3n a los filtros elementales (resonadores)\n<li>\n<ul>\n<li><a href=\"\/~hmolina\/wp-content\/uploads\/2010\/09\/Desarrollo_Filtro_Sintonizado_Serie.pdf\">Desarrollo Filtro Serie<\/a><\/li>\n<li><a href=\"\/~hmolina\/wp-content\/uploads\/2010\/09\/Desarrollo_Filtro_Sintonizado_Paralelo.pdf\">Desarrollo Filtro Paralelo<\/a><\/li>\n<\/ul>\n<li>Caracterizaci\u00f3n de filtros complejos: Butterworth, Chebyshev, Bessel<\/li>\n<li>Tecnolog\u00edas para filtros<\/li>\n<li>Adaptaci\u00f3n de impedancias<\/li>\n<li>Coeficientes de Reflexi\u00f3n\n<\/li>\n<\/ul>\n<p><a href=\"\/~hmolina\/wp-content\/uploads\/2010\/09\/Problemas_Tema2.pdf\">Problemas B\u00e1sicos de Filtros<\/a><\/p>\n<p><H3>Tema 3: Amplificaci\u00f3n RF (<a href=\"\/~hmolina\/wp-content\/uploads\/2010\/09\/Imagenes_Tema3.pdf\">Transparencias<\/a>)<\/H3><br \/>\n\u2022\tIntroducci\u00f3n<br \/>\n\u2022\tAmplificaci\u00f3n de Peque\u00f1a Se\u00f1al<br \/>\no\tAmplificadores Sintonizadaos y de Banda Ancha<br \/>\n\u2022\tProducto GxB<br \/>\no\tEspecificaciones<br \/>\n\u2022\tGanancias<br \/>\n\u2022\tEstabilidad<br \/>\n\u2022\tAmplificadores de Potencia<br \/>\no\tLineales<br \/>\n\u2022\tClase A y B<br \/>\no\tNo Lineales<br \/>\n\u2022\tClase C y Alto Rendimiento<\/p>\n<p><H3>Tema 4: Osciladores Locales  (<a href=\"\/~hmolina\/wp-content\/uploads\/2010\/09\/Imagenes_Tema4.pdf\">Transparencias<\/a>)<\/H3><\/p>\n<ol>\n<li>Principios de Funcionamiento<\/li>\n<li>Condiciones de Oscilaci\u00f3n<\/li>\n<li>Caracterizaci\u00f3n de Osciladores<\/li>\n<ol>\n<li>Estabilidad<\/li>\n<li>Ruido de fase<\/li>\n<\/ol>\n<li>Tecnolog\u00edas<\/li>\n<ol>\n<li><a href=\"\/~hmolina\/wp-content\/uploads\/2010\/09\/Desarrollo_CondensadorSerie-Xtal.pdf\">Desarrollo Condensador Serie-Cristal<\/a>)<\/li>\n<li>VCO\u2019s<\/li>\n<\/ol>\n<\/ol>\n<p><H3>Tema 5: Mezcladores  (<a href=\"\/~hmolina\/wp-content\/uploads\/2010\/09\/Imagenes_Tema5.pdf\">Transparencias<\/a>)<\/H3><br \/>\n\u2022\tPrincipios de Funcionamiento<br \/>\n\u2022\tCaracterizaci\u00f3n de los mezcladores<br \/>\n\u2022\tTecnolog\u00eda<br \/>\n\u2022\tMezcladores Balanceados<\/p>\n<p><H3>Tema 6: PLL y Sintetizadores de Frecuencia (<a href=\"\/~hmolina\/wp-content\/uploads\/2010\/09\/Imagenes_Tema6.pdf\">Transparencias<\/a>)<\/H3><br \/>\n\u2022\tRevisi\u00f3n de la Teor\u00eda de PLL<br \/>\n\u2022\tSintetizadores<br \/>\no\tArquitecturas<br \/>\n\u2022\tAn\u00e1lisis de prestaciones: ruido de fase<\/p>\n<p><H3>Tema 7: Moduladores y Demoduladores (<a href=\"\/~hmolina\/wp-content\/uploads\/2010\/09\/Imagenes_Tema7.pdf\">Transparencias<\/a>)<\/h3>\n<p>\u2022\tModuladores Lineales: AM, DBL, BLU, QAM, ASK<br \/>\n\u2022\tModuladores de Fase y Frecuencia<br \/>\n\u2022\tDemoduladores Lineales: AM, DBL, BLU, QAM, ASK<br \/>\n\u2022\tDemoduladores de Fase y Frecuencia<\/p>\n<p><H2><a name=\"#2\">Cronograma<\/a><\/H2><br \/>\n\n<table id=\"tablepress-9\" class=\"tablepress tablepress-id-9\">\n<tbody class=\"row-striping\">\n<tr class=\"row-1\">\n\t<td class=\"column-1\">G91,<br \/>\r\nG92: 07\/09<br \/>\r\nG95: 05\/09<\/td><td class=\"column-2\">P+T1<\/td><td class=\"column-3\">G91,<br \/>\r\nG92: 02\/11<br \/>\r\nG95: 02\/11<\/td><td class=\"column-4\">T4<\/td>\n<\/tr>\n<tr class=\"row-2\">\n\t<td class=\"column-1\">G91,<br \/>\r\nG92: 09\/09<br \/>\r\nG95: 07\/09<\/td><td class=\"column-2\">T1<\/td><td class=\"column-3\">G91,<br \/>\r\nG92: 04\/11<br \/>\r\nG95: 07\/11<\/td><td class=\"column-4\">T5<\/td>\n<\/tr>\n<tr class=\"row-3\">\n\t<td class=\"column-1\">G91,<br \/>\r\nG92: 14\/09<br \/>\r\nG95: 12\/09<\/td><td class=\"column-2\">T1<\/td><td class=\"column-3\">G91,<br \/>\r\nG92: 09\/11<br \/>\r\nG95: 09\/11<\/td><td class=\"column-4\">T5<\/td>\n<\/tr>\n<tr class=\"row-4\">\n\t<td class=\"column-1\">G91,<br \/>\r\nG92: 16\/09<br \/>\r\nG95: 14\/09<\/td><td class=\"column-2\">T1<\/td><td class=\"column-3\">G91,<br \/>\r\nG92: 11\/11<br \/>\r\nG94: 14\/11<\/td><td class=\"column-4\">T5<\/td>\n<\/tr>\n<tr class=\"row-5\">\n\t<td class=\"column-1\">G91,<br \/>\r\nG92: 21\/09<br \/>\r\nG95: 19\/09<\/td><td class=\"column-2\">T1<\/td><td class=\"column-3\">G91,<br \/>\r\nG92: 16\/11<br \/>\r\nG95:\/16\/11<\/td><td class=\"column-4\">T6<\/td>\n<\/tr>\n<tr class=\"row-6\">\n\t<td class=\"column-1\">G91,<br \/>\r\nG92: 23\/09<br \/>\r\nG95: 21\/09<\/td><td class=\"column-2\">T2<\/td><td class=\"column-3\">G91,<br \/>\r\nG92: 18\/11<br \/>\r\nG95: 21\/11<\/td><td class=\"column-4\">T6<\/td>\n<\/tr>\n<tr class=\"row-7\">\n\t<td class=\"column-1\">G91,<br \/>\r\nG92: 30\/09<br \/>\r\nG95: 28\/09<\/td><td class=\"column-2\">T2<\/td><td class=\"column-3\">G91,<br \/>\r\nG92: 23\/11<br \/>\r\nG95: 23\/11<\/td><td class=\"column-4\">T6<\/td>\n<\/tr>\n<tr class=\"row-8\">\n\t<td class=\"column-1\">G91,<br \/>\r\nG92: 05\/10<br \/>\r\nG95: 03\/10<\/td><td class=\"column-2\">T2<\/td><td class=\"column-3\">G91,<br \/>\r\nG92: 25\/11<br \/>\r\nG95: 28\/11<\/td><td class=\"column-4\">T6<\/td>\n<\/tr>\n<tr class=\"row-9\">\n\t<td class=\"column-1\">G91,<br \/>\r\nG92: 07\/10<br \/>\r\nG95: 05\/10<\/td><td class=\"column-2\">T3<\/td><td class=\"column-3\">G91,<br \/>\r\nG92: 30\/11<br \/>\r\nG95: 30\/11<\/td><td class=\"column-4\">T6<\/td>\n<\/tr>\n<tr class=\"row-10\">\n\t<td class=\"column-1\">G91,<br \/>\r\nG92: 14\/10<br \/>\r\nG95: 10\/10<\/td><td class=\"column-2\">T3<\/td><td class=\"column-3\">G91,<br \/>\r\nG92: 02\/12<br \/>\r\nG95: 05\/12<\/td><td class=\"column-4\">T7<\/td>\n<\/tr>\n<tr class=\"row-11\">\n\t<td class=\"column-1\">G91,<br \/>\r\nG92: 19\/10<br \/>\r\nG95: 17\/10<\/td><td class=\"column-2\">T3<\/td><td class=\"column-3\">G91,<br \/>\r\nG92: 07\/12<br \/>\r\nG95: 07\/12<\/td><td class=\"column-4\">T7<\/td>\n<\/tr>\n<tr class=\"row-12\">\n\t<td class=\"column-1\">G91,<br \/>\r\nG92: 21\/10<br \/>\r\nG95: 19\/10<\/td><td class=\"column-2\">T3<\/td><td class=\"column-3\">G91,<br \/>\r\nG92: 14\/12<br \/>\r\nG95: 12\/12<\/td><td class=\"column-4\">T7<\/td>\n<\/tr>\n<tr class=\"row-13\">\n\t<td class=\"column-1\">G91,<br \/>\r\nG92: 26\/10<br \/>\r\nG95: 24\/10<\/td><td class=\"column-2\">T4<\/td><td class=\"column-3\">G91,<br \/>\r\nG92: 16\/12<br \/>\r\nG95: 16\/12<\/td><td class=\"column-4\">T7<\/td>\n<\/tr>\n<tr class=\"row-14\">\n\t<td class=\"column-1\">G91,<br \/>\r\nG92: 28\/10<br \/>\r\nG95: 26\/10<\/td><td class=\"column-2\">T4<\/td><td class=\"column-3\"><\/td><td class=\"column-4\"><\/td>\n<\/tr>\n<\/tbody>\n<\/table>\n<\/p>\n<p><H2><a name=\"#3\">Ex\u00e1menes<\/a><\/H2><br \/>\n<a href=\"\/~hmolina\/wp-content\/uploads\/examenes\/ec\">Ex\u00e1menes de convocatorias pasadas<\/a><\/p>\n<p><H2><a name=\"#4\">Otras descargas<\/a><\/H2><\/p>\n<ul>\n<li><a href=\"\/~hmolina\/wp-content\/uploads\/2010\/09\/Solucion_Problema_1_201009.pdf\">Soluci\u00f3n problema 1 examen convocatoria extraordinaria 2009\/2010<\/a><\/li>\n<li><a href=\"\/~hmolina\/wp-content\/uploads\/2010\/09\/TransformadorCapacitivo.pdf\">Desarrollo de Transformador Capacitivo<\/a><\/li>\n<li><a href=\"\/~hmolina\/wp-content\/uploads\/problemas\/ec\">Problemas de los temas 1-6 con algunas soluciones<\/a><\/li>\n<\/ul>\n","protected":false},"excerpt":{"rendered":"<p>PROGRAMA Tema 0: Presentaci\u00f3n Tema 1: Arquitectura de Emisores y Receptores (Transparencias) Tipos de Transmisores y Receptores Transmisores homodinos o de modulaci\u00f3n directa Transmisores heterodinos [&hellip;]<\/p>\n","protected":false},"author":2,"featured_media":0,"parent":5,"menu_order":0,"comment_status":"closed","ping_status":"closed","template":"","meta":{"footnotes":""},"class_list":["post-72","page","type-page","status-publish","hentry"],"_links":{"self":[{"href":"https:\/\/www.tsc.uc3m.es\/~hmolina\/wp-json\/wp\/v2\/pages\/72","targetHints":{"allow":["GET"]}}],"collection":[{"href":"https:\/\/www.tsc.uc3m.es\/~hmolina\/wp-json\/wp\/v2\/pages"}],"about":[{"href":"https:\/\/www.tsc.uc3m.es\/~hmolina\/wp-json\/wp\/v2\/types\/page"}],"author":[{"embeddable":true,"href":"https:\/\/www.tsc.uc3m.es\/~hmolina\/wp-json\/wp\/v2\/users\/2"}],"replies":[{"embeddable":true,"href":"https:\/\/www.tsc.uc3m.es\/~hmolina\/wp-json\/wp\/v2\/comments?post=72"}],"version-history":[{"count":22,"href":"https:\/\/www.tsc.uc3m.es\/~hmolina\/wp-json\/wp\/v2\/pages\/72\/revisions"}],"predecessor-version":[{"id":383,"href":"https:\/\/www.tsc.uc3m.es\/~hmolina\/wp-json\/wp\/v2\/pages\/72\/revisions\/383"}],"up":[{"embeddable":true,"href":"https:\/\/www.tsc.uc3m.es\/~hmolina\/wp-json\/wp\/v2\/pages\/5"}],"wp:attachment":[{"href":"https:\/\/www.tsc.uc3m.es\/~hmolina\/wp-json\/wp\/v2\/media?parent=72"}],"curies":[{"name":"wp","href":"https:\/\/api.w.org\/{rel}","templated":true}]}}