{"id":81,"date":"2010-01-30T23:08:43","date_gmt":"2010-01-30T22:08:43","guid":{"rendered":"http:\/\/www.tsc.uc3m.es\/~hmolina\/?page_id=81"},"modified":"2020-02-29T00:22:08","modified_gmt":"2020-02-28T23:22:08","slug":"electronic-of-comunications-laboratory","status":"publish","type":"page","link":"https:\/\/www.tsc.uc3m.es\/~hmolina\/docencia\/electronic-of-comunications-laboratory\/","title":{"rendered":"Electronic of Comunications Laboratory"},"content":{"rendered":"<p><!--:es--><\/p>\n<h1>Electronic of Communications Laboratory Practical Work Guide:<\/h1>\n<h2><a name=\"1\"><\/a>Introduction<\/h2>\n<p>This course is divided into 2 distinct sections:<\/p>\n<h4>Practical Work of Analog Electronics<\/h4>\n<p>Practical works 1 and 2. The aim of these practical works is to apply knowledge acquired in the subject of Electronic Communications. It will implement basic communication circuits for analog modulations. Will be analyzed mixers, basic amplifiers and carrier recovery systems based on PLL.<\/p>\n<h4>DSP-Based Practical work<\/h4>\n<p>Practical Works 3,4 and 5. The aim of these practices is an introduction to digital signal processing based on special purpose DSP processors from Texas Instruments 320TMSC64C. Communications systems will be implemented, where the modulator \/ demodulator, filters, etc &#8230; be designed an implemented using software designed in C language. We will discuss the characteristics, applications and programming techniques of digital filters and mathematical operations on data acquired in real time via analog-&gt;digital and digital-&gt; analog converters.<\/p>\n<h2><a name=\"2\"><\/a>Evaluation<\/h2>\n<p>The evaluation of this course will be held from written reports of the practices carried out.<\/p>\n<p>The percentages of evaluation are:<\/p>\n<ol>\n<li>Practical Works, 1,2,4 and 5: 70%<\/li>\n<li>Final Practical Work: 30%<\/li>\n<\/ol>\n<p>The final practical work will serve as final exam. To pass this laboratory DEFEND FINAL PRACTICAL WORK IS MANDATORY . The deadline for the defense of this practical work and the practical work memories 4 and 5 will be the working day preceding the date scheduled for the examination of this laboratory in the ordinary call for the academic year 2009\/2010.<\/p>\n<p>If the defense does not be performed within the established time limits, the period of defense will be extended until the scheduled date for extraordinary call for the academic year 2009\/2010, postponing the issuance of the note for that call.<\/p>\n<p>The scoring of final practical work consist of 3 phases:<\/p>\n<ol>\n<li>Oral defense of the settlement of final practice, demonstrating that it has fulfilled the objectives required of the practical work .<\/li>\n<li>Written defense of the settlement of the final practical work.<\/li>\n<li>Written memory of the practical work.<\/li>\n<\/ol>\n<h2><a name=\"3\"><\/a>Laboratory Rules<\/h2>\n<p>Attendance at lab is mandatory.<\/p>\n<p>We will work in groups of 2 people, maximum 10 groups per session. If any of the members can not attend the lab, the group should replace the session by attending another round where they had working posts available.<\/p>\n<p>Circuits 1 and 2 practices should be implemented before the commencement of hour class by students.<\/p>\n<h2><a name=\"4\"><\/a>Scheduling (2012\/1013)<\/h2>\n<span id=\"tablepress-1-description\" class=\"tablepress-table-description tablepress-table-description-id-1\">Programaci\u00f3n de las Pr\u00e1cticas de Electr\u00f3nica de Comunicaciones<br \/>\r\nCurso 2012\/2013<\/span>\n\n<table id=\"tablepress-1\" class=\"tablepress tablepress-id-1\" aria-describedby=\"tablepress-1-description\">\n<tbody class=\"row-striping\">\n<tr class=\"row-1\">\n\t<td class=\"column-1\"><\/td><td class=\"column-2\">Grupo 91<br \/>\r\nMi\u00e9rcoles 9:00-10:30<\/td><td class=\"column-3\">Grupo 95<br \/>\r\nJueves 12:30-14:00<\/td>\n<\/tr>\n<tr class=\"row-2\">\n\t<td class=\"column-1\">Pr\u00e1ctica 1: Modulador AM<\/td><td class=\"column-2\">Febrero 6<br \/>\r\nFebrero 13<\/td><td class=\"column-3\">Febrero 7<br \/>\r\nFebrero 14<\/td>\n<\/tr>\n<tr class=\"row-3\">\n\t<td class=\"column-1\">Pr\u00e1ctica 2: Demodulador Coherente<\/td><td class=\"column-2\">Febrero 20<br \/>\r\nFebrero 27<\/td><td class=\"column-3\">Febrero 21<br \/>\r\nFebrero 28<\/td>\n<\/tr>\n<tr class=\"row-4\">\n\t<td class=\"column-1\">Introducci\u00f3n DSP<\/td><td class=\"column-2\">Marzo 6<br \/>\r\nMarzo 13<br \/>\r\n<br \/>\r\n<\/td><td class=\"column-3\">Marzo 7<br \/>\r\nMarzo 13<br \/>\r\n<\/td>\n<\/tr>\n<tr class=\"row-5\">\n\t<td class=\"column-1\">Introducci\u00f3n DSP con ADC\/DAC<\/td><td class=\"column-2\">Marzo 20<\/td><td class=\"column-3\">Marzo 21<br \/>\r\n<\/td>\n<\/tr>\n<tr class=\"row-6\">\n\t<td class=\"column-1\">Pr\u00e1ctica 4: DSP: Modulador ASK<\/td><td class=\"column-2\">Abril 3<br \/>\r\nAbril 10<\/td><td class=\"column-3\">Marzo 4<br \/>\r\nMarzo 11<\/td>\n<\/tr>\n<tr class=\"row-7\">\n\t<td class=\"column-1\">Pr\u00e1ctica 5: DSP: Modulador FSK<\/td><td class=\"column-2\">Abril 17<br \/>\r\nAbril 24<\/td><td class=\"column-3\">Abril 18<br \/>\r\nAbril 25<\/td>\n<\/tr>\n<tr class=\"row-8\">\n\t<td class=\"column-1\">Pr\u00e1ctica 6: DSP: Pr\u00e1ctica Final<\/td><td class=\"column-2\">Mayo 8<br \/>\r\nMayo 15<\/td><td class=\"column-3\">Mayo 9<br \/>\r\nMayo 16<\/td>\n<\/tr>\n<\/tbody>\n<\/table>\n\n<h2><a name=\"6\"><\/a>Workgroups<\/h2>\n<p>Work groups and work seat assigned.<\/p>\n<p>The people tagged with (*) does not have defined their workgroup partner. The workgroup members can be changed, sending an e-mail to the teacher.<\/p>\n<h2><a name=\"5\"><\/a>Guides<\/h2>\n<ul>\n<li><a href=\"\/~hmolina\/wp-content\/uploads\/2010\/02\/Guide_P1.pdf\">Practical Session 1: AM Modulator based on LM1496 (Gilbert Cell)<\/a><\/li>\n<li><a href=\"\/~hmolina\/wp-content\/uploads\/2010\/02\/Guide_P2.pdf\">Practical Session 2: Coherent AM Demodulator based on PLL<\/a><\/li>\n<li><a href=\"\/~hmolina\/wp-content\/uploads\/2010\/02\/Guide_IntroDSP.pdf\">Introduction to DSP: ADC\/DAC Programming<\/a> [<a href=\"\/~hmolina\/wp-content\/uploads\/2010\/03\/IntroDSP.zip\">Program Code<\/a>]<\/li>\n<li><a href=\"\/~hmolina\/wp-content\/uploads\/2010\/02\/Guide_P4.pdf\">Practical Session 4: ASK Communication System based on DSP [<\/a><a href=\"\/~hmolina\/wp-content\/uploads\/2010\/02\/modem.zip\">Program Code<\/a>]<\/li>\n<li><a href=\"\/~hmolina\/wp-content\/uploads\/2010\/02\/Guide_P5.pdf\">Practical Session 5: FSK Communication System based on DSP<\/a><\/li>\n<\/ul>\n<p><!--:--><!--:en--><\/p>\n<h1>Electronic of Communications Laboratory Practical Work Guide:<\/h1>\n<h2><a name=\"1\"><\/a>Introduction<\/h2>\n<p>This course is divided into 2 distinct sections:<\/p>\n<h4>Practical Work of Analog Electronics<\/h4>\n<p>Practical works 1 and 2. The aim of these practical works is to apply knowledge acquired in the subject of Electronic Communications. It will implement basic communication circuits for analog modulations. Will be analyzed mixers, basic amplifiers and carrier recovery systems based on PLL.<\/p>\n<h4>DSP-Based Practical work<\/h4>\n<p>Practical Works 3,4 and 5. The aim of these practices is an introduction to digital signal processing based on special purpose DSP processors from Texas Instruments 320TMSC64C. Communications systems will be implemented, where the modulator \/ demodulator, filters, etc &#8230; be designed an implemented using software designed in C language. We will discuss the characteristics, applications and programming techniques of digital filters and mathematical operations on data acquired in real time via analog-&gt;digital and digital-&gt; analog converters.<\/p>\n<h2><a name=\"2\"><\/a>Evaluation<\/h2>\n<p>The evaluation of this course will be held from written reports of the practices carried out.<\/p>\n<p>The percentages of evaluation are:<\/p>\n<ol>\n<li>Practical Works, 1,2,4 and 5: 70%<\/li>\n<li>Final Practical Work: 30%<\/li>\n<\/ol>\n<p>The final practical work will serve as final exam. To pass this laboratory DEFEND FINAL PRACTICAL WORK IS MANDATORY . The deadline for the defense of this practical work and the practical work memories 4 and 5 will be the working day preceding the date scheduled for the examination of this laboratory in the ordinary call for the academic year 2009\/2010.<\/p>\n<p>If the defense does not be performed within the established time limits, the period of defense will be extended until the scheduled date for extraordinary call for the academic year 2009\/2010, postponing the issuance of the note for that call.<\/p>\n<p>The scoring of final practical work consist of 3 phases:<\/p>\n<ol>\n<li>Oral defense of the settlement of final practice, demonstrating that it has fulfilled the objectives required of the practical work .<\/li>\n<li>Written defense of the settlement of the final practical work.<\/li>\n<li>Written memory of the practical work.<\/li>\n<\/ol>\n<h2><a name=\"3\"><\/a>Laboratory Rules<\/h2>\n<p>Attendance at lab is mandatory.<\/p>\n<p>We will work in groups of 2 people, maximum 10 groups per session. If any of the members can not attend the lab, the group should replace the session by attending another round where they had working posts available.<\/p>\n<p>Circuits 1 and 2 practices should be implemented before the commencement of hour class by students.<\/p>\n<h2><a name=\"4\"><\/a>Scheduling<\/h2>\n<span id=\"tablepress-1-no-2-description\" class=\"tablepress-table-description tablepress-table-description-id-1\">Programaci\u00f3n de las Pr\u00e1cticas de Electr\u00f3nica de Comunicaciones<br \/>\r\nCurso 2012\/2013<\/span>\n\n<table id=\"tablepress-1-no-2\" class=\"tablepress tablepress-id-1\" aria-describedby=\"tablepress-1-no-2-description\">\n<tbody class=\"row-striping\">\n<tr class=\"row-1\">\n\t<td class=\"column-1\"><\/td><td class=\"column-2\">Grupo 91<br \/>\r\nMi\u00e9rcoles 9:00-10:30<\/td><td class=\"column-3\">Grupo 95<br \/>\r\nJueves 12:30-14:00<\/td>\n<\/tr>\n<tr class=\"row-2\">\n\t<td class=\"column-1\">Pr\u00e1ctica 1: Modulador AM<\/td><td class=\"column-2\">Febrero 6<br \/>\r\nFebrero 13<\/td><td class=\"column-3\">Febrero 7<br \/>\r\nFebrero 14<\/td>\n<\/tr>\n<tr class=\"row-3\">\n\t<td class=\"column-1\">Pr\u00e1ctica 2: Demodulador Coherente<\/td><td class=\"column-2\">Febrero 20<br \/>\r\nFebrero 27<\/td><td class=\"column-3\">Febrero 21<br \/>\r\nFebrero 28<\/td>\n<\/tr>\n<tr class=\"row-4\">\n\t<td class=\"column-1\">Introducci\u00f3n DSP<\/td><td class=\"column-2\">Marzo 6<br \/>\r\nMarzo 13<br \/>\r\n<br \/>\r\n<\/td><td class=\"column-3\">Marzo 7<br \/>\r\nMarzo 13<br \/>\r\n<\/td>\n<\/tr>\n<tr class=\"row-5\">\n\t<td class=\"column-1\">Introducci\u00f3n DSP con ADC\/DAC<\/td><td class=\"column-2\">Marzo 20<\/td><td class=\"column-3\">Marzo 21<br \/>\r\n<\/td>\n<\/tr>\n<tr class=\"row-6\">\n\t<td class=\"column-1\">Pr\u00e1ctica 4: DSP: Modulador ASK<\/td><td class=\"column-2\">Abril 3<br \/>\r\nAbril 10<\/td><td class=\"column-3\">Marzo 4<br \/>\r\nMarzo 11<\/td>\n<\/tr>\n<tr class=\"row-7\">\n\t<td class=\"column-1\">Pr\u00e1ctica 5: DSP: Modulador FSK<\/td><td class=\"column-2\">Abril 17<br \/>\r\nAbril 24<\/td><td class=\"column-3\">Abril 18<br \/>\r\nAbril 25<\/td>\n<\/tr>\n<tr class=\"row-8\">\n\t<td class=\"column-1\">Pr\u00e1ctica 6: DSP: Pr\u00e1ctica Final<\/td><td class=\"column-2\">Mayo 8<br \/>\r\nMayo 15<\/td><td class=\"column-3\">Mayo 9<br \/>\r\nMayo 16<\/td>\n<\/tr>\n<\/tbody>\n<\/table>\n\n<h2><a name=\"6\"><\/a>Workgroups<\/h2>\n<ul>\n<li><a href=\"\/~hmolina\/wp-content\/uploads\/2010\/02\/Guide_P1.pdf\">Practical Session 1: AM Modulator based on LM1496 (Gilbert Cell)<\/a><\/li>\n<li><a href=\"\/~hmolina\/wp-content\/uploads\/2010\/02\/Guide_P2.pdf\">Practical Session 2: Coherent AM Demodulator based on PLL<\/a><\/li>\n<li><a href=\"\/~hmolina\/wp-content\/uploads\/2010\/02\/Guide_IntroDSP.pdf\">Introduction to DSP: ADC\/DAC Programming<\/a> [<a href=\"\/~hmolina\/wp-content\/uploads\/2010\/03\/IntroDSP.zip\">Program Code<\/a>]<\/li>\n<li><a href=\"\/~hmolina\/wp-content\/uploads\/2010\/02\/Guide_P4.pdf\">Practical Session 4: ASK Communication System based on DSP [<\/a><a href=\"\/~hmolina\/wp-content\/uploads\/2010\/02\/modem.zip\">Program Code<\/a>]<\/li>\n<li><a href=\"\/~hmolina\/wp-content\/uploads\/2010\/02\/Guide_P5.pdf\">Practical Session 5: FSK Communication System based on DSP<\/a><\/li>\n<\/ul>\n<p><!--:--><\/p>\n","protected":false},"excerpt":{"rendered":"<p>Electronic of Communications Laboratory Practical Work Guide: Introduction This course is divided into 2 distinct sections: Practical Work of Analog Electronics Practical works 1 and [&hellip;]<\/p>\n","protected":false},"author":2,"featured_media":0,"parent":5,"menu_order":0,"comment_status":"closed","ping_status":"closed","template":"","meta":{"footnotes":""},"class_list":["post-81","page","type-page","status-publish","hentry"],"_links":{"self":[{"href":"https:\/\/www.tsc.uc3m.es\/~hmolina\/wp-json\/wp\/v2\/pages\/81","targetHints":{"allow":["GET"]}}],"collection":[{"href":"https:\/\/www.tsc.uc3m.es\/~hmolina\/wp-json\/wp\/v2\/pages"}],"about":[{"href":"https:\/\/www.tsc.uc3m.es\/~hmolina\/wp-json\/wp\/v2\/types\/page"}],"author":[{"embeddable":true,"href":"https:\/\/www.tsc.uc3m.es\/~hmolina\/wp-json\/wp\/v2\/users\/2"}],"replies":[{"embeddable":true,"href":"https:\/\/www.tsc.uc3m.es\/~hmolina\/wp-json\/wp\/v2\/comments?post=81"}],"version-history":[{"count":37,"href":"https:\/\/www.tsc.uc3m.es\/~hmolina\/wp-json\/wp\/v2\/pages\/81\/revisions"}],"predecessor-version":[{"id":446,"href":"https:\/\/www.tsc.uc3m.es\/~hmolina\/wp-json\/wp\/v2\/pages\/81\/revisions\/446"}],"up":[{"embeddable":true,"href":"https:\/\/www.tsc.uc3m.es\/~hmolina\/wp-json\/wp\/v2\/pages\/5"}],"wp:attachment":[{"href":"https:\/\/www.tsc.uc3m.es\/~hmolina\/wp-json\/wp\/v2\/media?parent=81"}],"curies":[{"name":"wp","href":"https:\/\/api.w.org\/{rel}","templated":true}]}}